{"id":70,"date":"2025-10-16T06:16:55","date_gmt":"2025-10-16T06:16:55","guid":{"rendered":"http:\/\/vocation-ingenieur-e.fr\/?page_id=70"},"modified":"2026-01-22T16:56:42","modified_gmt":"2026-01-22T15:56:42","slug":"ressources-supplementaires","status":"publish","type":"page","link":"https:\/\/vocation-ingenieur-e.fr\/?page_id=70","title":{"rendered":"Ressources suppl\u00e9mentaires"},"content":{"rendered":"\n<div id=\"wp-block-themeisle-blocks-advanced-columns-27507099\" class=\"wp-block-themeisle-blocks-advanced-columns has-1-columns has-desktop-equal-layout has-tablet-equal-layout has-mobile-equal-layout has-vertical-unset\"><div class=\"wp-block-themeisle-blocks-advanced-columns-overlay\"><\/div><div class=\"innerblocks-wrap\">\n<div id=\"wp-block-themeisle-blocks-advanced-column-b2cb5c4f\" class=\"wp-block-themeisle-blocks-advanced-column\">\n<div id=\"wp-block-themeisle-blocks-advanced-columns-c8dfc924\" class=\"wp-block-themeisle-blocks-advanced-columns has-1-columns has-desktop-equal-layout has-tablet-equal-layout has-mobile-equal-layout has-vertical-unset\"><div class=\"wp-block-themeisle-blocks-advanced-columns-overlay\"><\/div><div class=\"innerblocks-wrap\">\n<div id=\"wp-block-themeisle-blocks-advanced-column-4717e114\" class=\"wp-block-themeisle-blocks-advanced-column\"><\/div>\n<\/div><\/div>\n<\/div>\n<\/div><\/div>\n\n\n\n<figure class=\"wp-block-image size-large is-style-rounded\"><img loading=\"lazy\" decoding=\"async\" width=\"1024\" height=\"610\" src=\"https:\/\/vocation-ingenieur-e.fr\/wp-content\/uploads\/2025\/10\/elles-bougent-rectangleUNE-1024x610.jpg\" alt=\"\" class=\"wp-image-175\" srcset=\"https:\/\/vocation-ingenieur-e.fr\/wp-content\/uploads\/2025\/10\/elles-bougent-rectangleUNE-1024x610.jpg 1024w, https:\/\/vocation-ingenieur-e.fr\/wp-content\/uploads\/2025\/10\/elles-bougent-rectangleUNE-300x179.jpg 300w, https:\/\/vocation-ingenieur-e.fr\/wp-content\/uploads\/2025\/10\/elles-bougent-rectangleUNE-768x457.jpg 768w, https:\/\/vocation-ingenieur-e.fr\/wp-content\/uploads\/2025\/10\/elles-bougent-rectangleUNE-1536x915.jpg 1536w, https:\/\/vocation-ingenieur-e.fr\/wp-content\/uploads\/2025\/10\/elles-bougent-rectangleUNE-2048x1220.jpg 2048w\" sizes=\"auto, (max-width: 1024px) 100vw, 1024px\" \/><\/figure>\n\n\n\n<p><\/p>\n\n\n\n<p class=\"ticss-8c05635d\">       L\u2019association \u00ab&nbsp;Elles bougent&nbsp;\u00bb agit afin de renforcer la mixit\u00e9 dans le secteur industriel. Pour ce faire, ce sont des entreprises, des f\u00e9d\u00e9rations, des associations et des \u00e9tablissements d\u2019enseignement sup\u00e9rieur qui se sont engag\u00e9s afin de lutter contre les st\u00e9r\u00e9otypes qui subsistent dans les secteurs industriels et scientifiques.<\/p>\n\n\n\n<p class=\"ticss-c126c4b7\">       Ses membres se rendent dans les coll\u00e8ges et les lyc\u00e9es pour te rencontrer, te parler des formations qui s\u2019offrent \u00e0 toi et te montrer que, toi aussi, tu peux y arriver. Gr\u00e2ce aux t\u00e9moignages de marraines passionn\u00e9es par leur m\u00e9tier, Elles bougent t\u2019informe des nombreuses opportunit\u00e9s professionnelles qu\u2019offrent les dipl\u00f4mes d\u2019ing\u00e9nieure et de technicienne.<br>L\u2019association sensibilise aussi tes parents et tes enseignants, car ils jouent un r\u00f4le essentiel dans ton orientation et tes choix d\u2019avenir.<\/p>\n\n\n\n<div id=\"wp-block-themeisle-blocks-button-group-b75da1b8\" class=\"wp-block-themeisle-blocks-button-group wp-block-buttons align-center-desktop\">\n<div id=\"wp-block-themeisle-blocks-button-3b3b9c3d\" class=\"wp-block-themeisle-blocks-button wp-block-button\"><a href=\"https:\/\/www.ellesbougent.com\/\" target=\"_self\" rel=\"noopener noreferrer\" class=\"wp-block-button__link\"><span>Site Internet<\/span><\/a><\/div>\n<\/div>\n\n\n\n<div style=\"height:100px\" aria-hidden=\"true\" class=\"wp-block-spacer\"><\/div>\n\n\n\n<figure class=\"wp-block-image size-large is-style-rounded\"><img loading=\"lazy\" decoding=\"async\" width=\"1024\" height=\"361\" src=\"https:\/\/vocation-ingenieur-e.fr\/wp-content\/uploads\/2025\/10\/filles-et-maths-1024x361.jpg\" alt=\"\" class=\"wp-image-178\" srcset=\"https:\/\/vocation-ingenieur-e.fr\/wp-content\/uploads\/2025\/10\/filles-et-maths-1024x361.jpg 1024w, https:\/\/vocation-ingenieur-e.fr\/wp-content\/uploads\/2025\/10\/filles-et-maths-300x106.jpg 300w, https:\/\/vocation-ingenieur-e.fr\/wp-content\/uploads\/2025\/10\/filles-et-maths-768x270.jpg 768w, https:\/\/vocation-ingenieur-e.fr\/wp-content\/uploads\/2025\/10\/filles-et-maths.jpg 1386w\" sizes=\"auto, (max-width: 1024px) 100vw, 1024px\" \/><\/figure>\n\n\n\n<p><\/p>\n\n\n\n<p class=\"ticss-3fcc20d6\">       L\u2019association Filles &amp; Maths \u0153uvre pour que tu ne doutes jamais que les sciences, et plus particuli\u00e8rement les math\u00e9matiques, sont faites pour toi.<br>Par le biais d\u2019ateliers, de conf\u00e9rences et de rencontres avec des femmes scientifiques, Filles &amp; Maths te montre que les math\u00e9matiques ne sont pas un domaine \u00e9litiste mais un terrain o\u00f9 tu peux t\u2019\u00e9panouir, comprendre, et cr\u00e9er.<\/p>\n\n\n\n<p class=\"ticss-909688fa\">       Elle t\u2019accompagne dans ta d\u00e9couverte des diff\u00e9rentes fili\u00e8res : enseignement sup\u00e9rieur, m\u00e9tiers scientifiques, carri\u00e8res de recherche\u2026 pour que tu saches toutes les portes que les maths peuvent t\u2019ouvrir.<\/p>\n\n\n\n<p class=\"ticss-8d8afef4\">       Et elle sensibilise aussi ton entourage \u2014 parents, professeurs, conseillers d\u2019orientation \u2014 pour qu\u2019ils voient en toi une source de potentiel, pas une limite.<\/p>\n\n\n\n<div id=\"wp-block-themeisle-blocks-button-group-232efbbe\" class=\"wp-block-themeisle-blocks-button-group wp-block-buttons align-center-desktop\">\n<div id=\"wp-block-themeisle-blocks-button-93cb41d3\" class=\"wp-block-themeisle-blocks-button wp-block-button\"><a href=\"https:\/\/filles-et-maths.fr\/\" target=\"_self\" rel=\"noopener noreferrer\" class=\"wp-block-button__link\"><span>Site Internet<\/span><\/a><\/div>\n<\/div>\n\n\n\n<div style=\"height:100px\" aria-hidden=\"true\" class=\"wp-block-spacer\"><\/div>\n\n\n\n<figure class=\"wp-block-image size-full is-resized is-style-default\"><img loading=\"lazy\" decoding=\"async\" width=\"469\" height=\"325\" src=\"https:\/\/vocation-ingenieur-e.fr\/wp-content\/uploads\/2025\/10\/TTP-Couleurs.png\" alt=\"\" class=\"wp-image-181\" style=\"width:806px;height:auto\" srcset=\"https:\/\/vocation-ingenieur-e.fr\/wp-content\/uploads\/2025\/10\/TTP-Couleurs.png 469w, https:\/\/vocation-ingenieur-e.fr\/wp-content\/uploads\/2025\/10\/TTP-Couleurs-300x208.png 300w\" sizes=\"auto, (max-width: 469px) 100vw, 469px\" \/><\/figure>\n\n\n\n<p><\/p>\n\n\n\n<p class=\"ticss-6e71e6f1\">       \u00ab&nbsp;T\u2019as ta place&nbsp;\u00bb est une initiative de l\u2019UIMM qui veut te pr\u00e9senter ce qu\u2019est l\u2019industrie. Peu importe ton niveau ou ton parcours, il y a s\u00fbrement une place qui te plaira dans l\u2019industrie. Sur leur site et aupr\u00e8s d\u2019eux, tu pourras d\u00e9couvrir plein de m\u00e9tiers passionnants \u2014 techniques, manuels, innovants \u2014 pr\u00e8s de chez toi. \u00ab&nbsp;Tu as ta place&nbsp;\u00bb veut aussi et surtout casser les id\u00e9es re\u00e7ues : l\u2019industrie, ce n\u2019est pas r\u00e9serv\u00e9 aux gar\u00e7ons, ce n\u2019est pas ennuyeux. C\u2019est un monde ouvert, plein d\u2019opportunit\u00e9s, o\u00f9 l\u2019on peut \u00e9voluer, \u00eatre fier\u00b7e de ce qu\u2019on fait, et construire ton avenir. Tu as ta place \u2014 vraiment.<\/p>\n\n\n\n<div id=\"wp-block-themeisle-blocks-button-group-949fc867\" class=\"wp-block-themeisle-blocks-button-group wp-block-buttons align-center-desktop\">\n<div id=\"wp-block-themeisle-blocks-button-c2cceae0\" class=\"wp-block-themeisle-blocks-button wp-block-button\"><a href=\"https:\/\/www.tuastaplace.com\/\" target=\"_self\" rel=\"noopener noreferrer\" class=\"wp-block-button__link\"><span>Site Internet<\/span><\/a><\/div>\n<\/div>\n\n\n\n<div style=\"height:100px\" aria-hidden=\"true\" class=\"wp-block-spacer\"><\/div>\n\n\n\n<figure class=\"wp-block-image size-full is-resized is-style-rounded\" style=\"margin-top:0;margin-bottom:0\"><img loading=\"lazy\" decoding=\"async\" width=\"475\" height=\"250\" src=\"https:\/\/vocation-ingenieur-e.fr\/wp-content\/uploads\/2025\/10\/mesri-enseignement-sup-cordees-reussite-jpg-13733_0.jpg\" alt=\"\" class=\"wp-image-182\" style=\"width:827px;height:auto\" srcset=\"https:\/\/vocation-ingenieur-e.fr\/wp-content\/uploads\/2025\/10\/mesri-enseignement-sup-cordees-reussite-jpg-13733_0.jpg 475w, https:\/\/vocation-ingenieur-e.fr\/wp-content\/uploads\/2025\/10\/mesri-enseignement-sup-cordees-reussite-jpg-13733_0-300x158.jpg 300w\" sizes=\"auto, (max-width: 475px) 100vw, 475px\" \/><\/figure>\n\n\n\n<p><\/p>\n\n\n\n<p class=\"ticss-6ee5a783\">       Les <em>Cord\u00e9es de la r\u00e9ussite<\/em> sont l\u00e0 pour toi, pour que tu ne te sentes pas limit\u00e9\u00b7e par ton lieu de vie, par ton coll\u00e8ge ou lyc\u00e9e, ou par ce que les autres imaginent pour toi. Elles t\u2019offrent un accompagnement d\u00e8s la 4\u1d49 jusqu\u2019\u00e0 la Terminale pour te faire d\u00e9couvrir tous les chemins possibles vers l\u2019enseignement sup\u00e9rieur ou vers un m\u00e9tier qui te pla\u00eet.<\/p>\n\n\n\n<p class=\"ticss-e421d82f\">       Tu peux b\u00e9n\u00e9ficier de tutorat, de mentorat, de visites d\u2019\u00e9tablissements sup\u00e9rieurs, de rencontres avec des professionnels, et d\u2019actions qui renforcent ta confiance en toi et ton ambition. Ces actions sont sp\u00e9cialement pens\u00e9es pour les \u00e9l\u00e8ves en r\u00e9seau d\u2019\u00e9ducation prioritaire, en zones rurales, en zones \u00e9loign\u00e9es, ou dans des quartiers o\u00f9 les fili\u00e8res sup\u00e9rieures te semblent parfois difficiles d\u2019acc\u00e8s.<\/p>\n\n\n\n<div id=\"wp-block-themeisle-blocks-button-group-ae723633\" class=\"wp-block-themeisle-blocks-button-group wp-block-buttons align-center-desktop\">\n<div id=\"wp-block-themeisle-blocks-button-009583fe\" class=\"wp-block-themeisle-blocks-button wp-block-button\"><a href=\"https:\/\/www.cordeesdelareussite.fr\/\" target=\"_self\" rel=\"noopener noreferrer\" class=\"wp-block-button__link\"><span>Site Internet<\/span><\/a><\/div>\n<\/div>\n\n\n\n<div style=\"height:100px\" aria-hidden=\"true\" class=\"wp-block-spacer\"><\/div>\n\n\n\n<figure class=\"wp-block-image size-large is-style-rounded\"><img loading=\"lazy\" decoding=\"async\" width=\"1024\" height=\"538\" src=\"https:\/\/vocation-ingenieur-e.fr\/wp-content\/uploads\/2025\/10\/rurra-1024x538.jpg\" alt=\"\" class=\"wp-image-196\" srcset=\"https:\/\/vocation-ingenieur-e.fr\/wp-content\/uploads\/2025\/10\/rurra-1024x538.jpg 1024w, https:\/\/vocation-ingenieur-e.fr\/wp-content\/uploads\/2025\/10\/rurra-300x158.jpg 300w, https:\/\/vocation-ingenieur-e.fr\/wp-content\/uploads\/2025\/10\/rurra-768x403.jpg 768w, https:\/\/vocation-ingenieur-e.fr\/wp-content\/uploads\/2025\/10\/rurra.jpg 1200w\" sizes=\"auto, (max-width: 1024px) 100vw, 1024px\" \/><\/figure>\n\n\n\n<p><\/p>\n\n\n\n<div class=\"wp-block-group\"><div class=\"wp-block-group__inner-container is-layout-constrained wp-block-group-is-layout-constrained\">\n<p class=\"has-text-align-left ticss-5b21ea24\">       Rura est une association qui agit pour toi, jeune habitant(e) d\u2019une zone rurale ou d\u2019une petite ville, pour que tes ambitions ne soient jamais limit\u00e9es par la distance, le manque d\u2019information ou les id\u00e9es re\u00e7ues.<\/p>\n\n\n\n<p class=\"has-text-align-left ticss-d1a60805\">       Avec Rura tu b\u00e9n\u00e9ficies d\u2019un accompagnement personnalis\u00e9 : un mentor d\u00e9di\u00e9 qui t\u2019\u00e9coute et t\u2019aide \u00e0 te projeter, des outils pour faire le point sur tes envies et tes forces, des ateliers pour renforcer ta confiance en toi, pour t\u2019exprimer, pour comprendre les diff\u00e9rents m\u00e9tiers et formations possibles, m\u00eame celles qui te semblent lointaines.<\/p>\n\n\n\n<p class=\"has-text-align-left ticss-0689237b\">       Rura te donne aussi acc\u00e8s \u00e0 des opportunit\u00e9s concr\u00e8tes : des stages, des rencontres avec des professionnels, des ressources p\u00e9dagogiques adapt\u00e9es, parfois des aides pour les transports ou le mat\u00e9riel. Tous ces outils pour te permettre de choisir ton orientation avec assurance, et non par d\u00e9faut.<\/p>\n<\/div><\/div>\n\n\n\n<div id=\"wp-block-themeisle-blocks-button-group-c264d8ad\" class=\"wp-block-themeisle-blocks-button-group wp-block-buttons align-center-desktop\">\n<div id=\"wp-block-themeisle-blocks-button-ca970eff\" class=\"wp-block-themeisle-blocks-button wp-block-button\"><a href=\"https:\/\/rura.fr\/\" target=\"_self\" rel=\"noopener noreferrer\" class=\"wp-block-button__link\"><span>Site Internet<\/span><\/a><\/div>\n<\/div>\n\n\n\n<p><\/p>\n","protected":false},"excerpt":{"rendered":"<p>L\u2019association \u00ab&nbsp;Elles bougent&nbsp;\u00bb agit afin de renforcer la mixit\u00e9 dans le secteur industriel. Pour ce faire, ce sont des entreprises, des f\u00e9d\u00e9rations, des associations et des \u00e9tablissements d\u2019enseignement sup\u00e9rieur qui se sont engag\u00e9s afin de lutter contre les st\u00e9r\u00e9otypes qui subsistent dans les secteurs industriels et scientifiques. Ses membres se [&hellip;]<\/p>\n","protected":false},"author":2,"featured_media":0,"parent":0,"menu_order":0,"comment_status":"closed","ping_status":"closed","template":"","meta":{"_themeisle_gutenberg_block_has_review":false,"footnotes":""},"class_list":["post-70","page","type-page","status-publish","hentry"],"_links":{"self":[{"href":"https:\/\/vocation-ingenieur-e.fr\/index.php?rest_route=\/wp\/v2\/pages\/70","targetHints":{"allow":["GET"]}}],"collection":[{"href":"https:\/\/vocation-ingenieur-e.fr\/index.php?rest_route=\/wp\/v2\/pages"}],"about":[{"href":"https:\/\/vocation-ingenieur-e.fr\/index.php?rest_route=\/wp\/v2\/types\/page"}],"author":[{"embeddable":true,"href":"https:\/\/vocation-ingenieur-e.fr\/index.php?rest_route=\/wp\/v2\/users\/2"}],"replies":[{"embeddable":true,"href":"https:\/\/vocation-ingenieur-e.fr\/index.php?rest_route=%2Fwp%2Fv2%2Fcomments&post=70"}],"version-history":[{"count":17,"href":"https:\/\/vocation-ingenieur-e.fr\/index.php?rest_route=\/wp\/v2\/pages\/70\/revisions"}],"predecessor-version":[{"id":293,"href":"https:\/\/vocation-ingenieur-e.fr\/index.php?rest_route=\/wp\/v2\/pages\/70\/revisions\/293"}],"wp:attachment":[{"href":"https:\/\/vocation-ingenieur-e.fr\/index.php?rest_route=%2Fwp%2Fv2%2Fmedia&parent=70"}],"curies":[{"name":"wp","href":"https:\/\/api.w.org\/{rel}","templated":true}]}}