{"id":152,"date":"2025-10-22T11:11:28","date_gmt":"2025-10-22T09:11:28","guid":{"rendered":"https:\/\/vocation-ingenieur-e.fr\/?page_id=152"},"modified":"2026-01-22T17:05:15","modified_gmt":"2026-01-22T16:05:15","slug":"qui-sommes-nous-2","status":"publish","type":"page","link":"https:\/\/vocation-ingenieur-e.fr\/?page_id=152","title":{"rendered":"Qui sommes nous ?"},"content":{"rendered":"\n<blockquote class=\"wp-block-quote is-layout-flow wp-block-quote-is-layout-flow\">\n<p>La femme a le droit de monter \u00e0 l&rsquo;\u00e9chafaud; elle doit avoir \u00e9galement celui de monter \u00e0 la tribune. <\/p>\n\n\n\n<p>Olympe de Gouges, D\u00e9claration des droits de la femme et de la citoyenne 1791<\/p>\n<\/blockquote>\n\n\n\n<figure class=\"wp-block-image size-large\"><img loading=\"lazy\" decoding=\"async\" width=\"1024\" height=\"622\" src=\"https:\/\/vocation-ingenieur-e.fr\/wp-content\/uploads\/2025\/10\/WhatsApp-Image-2025-10-16-at-09.58.00-1-1024x622.jpeg\" alt=\"\" class=\"wp-image-159\" srcset=\"https:\/\/vocation-ingenieur-e.fr\/wp-content\/uploads\/2025\/10\/WhatsApp-Image-2025-10-16-at-09.58.00-1-1024x622.jpeg 1024w, https:\/\/vocation-ingenieur-e.fr\/wp-content\/uploads\/2025\/10\/WhatsApp-Image-2025-10-16-at-09.58.00-1-300x182.jpeg 300w, https:\/\/vocation-ingenieur-e.fr\/wp-content\/uploads\/2025\/10\/WhatsApp-Image-2025-10-16-at-09.58.00-1-768x466.jpeg 768w, https:\/\/vocation-ingenieur-e.fr\/wp-content\/uploads\/2025\/10\/WhatsApp-Image-2025-10-16-at-09.58.00-1-1536x933.jpeg 1536w, https:\/\/vocation-ingenieur-e.fr\/wp-content\/uploads\/2025\/10\/WhatsApp-Image-2025-10-16-at-09.58.00-1.jpeg 1594w\" sizes=\"auto, (max-width: 1024px) 100vw, 1024px\" \/><\/figure>\n\n\n\n<p><\/p>\n\n\n\n<p class=\"has-text-align-left ticss-bf5ceae8\">Aujourd\u2019hui, il y a autant de femmes que d\u2019hommes sur Terre. Pourtant, on observe seulement 30 % de femmes dans les m\u00e9tiers de l\u2019ing\u00e9nierie. Cette diff\u00e9rence s\u2019explique en partie par l\u2019\u00e9ducation re\u00e7ue. En effet, d\u00e8s la naissance, l\u2019enfant est confront\u00e9 \u00e0 de nombreux st\u00e9r\u00e9otypes au sein de sa famille, \u00e0 l\u2019\u00e9cole, etc. Cela a pour cons\u00e9quence un impact psychologique majeur : le biais de genre, qui entra\u00eene une baisse significative de la performance dans les t\u00e2ches per\u00e7ues comme non conformes \u00e0 notre genre. Ce biais se manifeste \u00e9galement \u00e0 travers les personnes que l\u2019on c\u00f4toie. En effet, notre genre renvoie inconsciemment une image spontan\u00e9e et erron\u00e9e de nos comp\u00e9tences, ce qui provoque des obstacles majeurs dans une carri\u00e8re scientifique, o\u00f9 l\u2019\u00e9galit\u00e9 devrait \u00eatre le mot d\u2019ordre.<\/p>\n\n\n\n<blockquote class=\"wp-block-quote is-layout-flow wp-block-quote-is-layout-flow\">\n<p>Il faut agir comme s&rsquo;il \u00e9tait possible de transformer radicalement le monde. Et vous devez le faire tout le temps.<\/p>\n\n\n\n<p>Angela Davis <\/p>\n<\/blockquote>\n\n\n\n<figure class=\"wp-block-image size-large\"><img loading=\"lazy\" decoding=\"async\" width=\"1024\" height=\"484\" src=\"https:\/\/vocation-ingenieur-e.fr\/wp-content\/uploads\/2025\/10\/WhatsApp-Image-2025-10-16-at-09.58.37-1-1024x484.jpeg\" alt=\"\" class=\"wp-image-160\" srcset=\"https:\/\/vocation-ingenieur-e.fr\/wp-content\/uploads\/2025\/10\/WhatsApp-Image-2025-10-16-at-09.58.37-1-1024x484.jpeg 1024w, https:\/\/vocation-ingenieur-e.fr\/wp-content\/uploads\/2025\/10\/WhatsApp-Image-2025-10-16-at-09.58.37-1-300x142.jpeg 300w, https:\/\/vocation-ingenieur-e.fr\/wp-content\/uploads\/2025\/10\/WhatsApp-Image-2025-10-16-at-09.58.37-1-768x363.jpeg 768w, https:\/\/vocation-ingenieur-e.fr\/wp-content\/uploads\/2025\/10\/WhatsApp-Image-2025-10-16-at-09.58.37-1.jpeg 1388w\" sizes=\"auto, (max-width: 1024px) 100vw, 1024px\" \/><\/figure>\n\n\n\n<p><\/p>\n\n\n\n<p class=\"ticss-1926c65c\">Il est donc n\u00e9cessaire de lutter contre les st\u00e9r\u00e9otypes et les biais ancr\u00e9s depuis notre naissance dans les m\u0153urs. Il existe aujourd\u2019hui de nombreuses associations telles que \u00ab Elles bougent \u00bb, \u00ab Filles et maths \u00bb ou encore \u00ab Tu as ta place \u00bb, qui promeuvent ces valeurs d\u2019\u00e9galit\u00e9 \u00e0 travers diverses actions : forums, visites de sites et de salons sp\u00e9cialis\u00e9s, challenges, rallyes, conf\u00e9rences et interventions dans les coll\u00e8ges et lyc\u00e9es.<\/p>\n\n\n\n<p class=\"ticss-5cffe6eb\">De plus, dans les \u00e9coles d\u2019ing\u00e9nieurs, seuls 13,1 % des \u00e9l\u00e8ves proviennent de familles d\u2019ouvriers ou d\u2019employ\u00e9s. \u00c0 l\u2019image des jeunes femmes, ces \u00e9l\u00e8ves ne sont pas suffisamment sensibilis\u00e9s aux m\u00e9tiers de l\u2019ing\u00e9nierie ni aux moyens d\u2019y acc\u00e9der.<\/p>\n\n\n\n<p class=\"ticss-c32c0f61\"><strong>Notre objectif est d\u2019apporter notre motivation et notre position d\u2019\u00e9l\u00e8ves aux Arts et M\u00e9tiers, aspirant aux m\u00e9tiers d\u2019ing\u00e9nieur, afin de cibler nos actions pour promouvoir les m\u00e9tiers de l\u2019ing\u00e9nierie aupr\u00e8s des jeunes femmes et des \u00e9l\u00e8ves issus d\u2019\u00e9tablissements d\u00e9favoris\u00e9s.<\/strong><\/p>\n\n\n\n<p><\/p>\n","protected":false},"excerpt":{"rendered":"<p>La femme a le droit de monter \u00e0 l&rsquo;\u00e9chafaud; elle doit avoir \u00e9galement celui de monter \u00e0 la tribune. Olympe de Gouges, D\u00e9claration des droits de la femme et de la citoyenne 1791 Aujourd\u2019hui, il y a autant de femmes que d\u2019hommes sur Terre. Pourtant, on observe seulement 30 % [&hellip;]<\/p>\n","protected":false},"author":2,"featured_media":0,"parent":0,"menu_order":0,"comment_status":"closed","ping_status":"closed","template":"","meta":{"_themeisle_gutenberg_block_has_review":false,"footnotes":""},"class_list":["post-152","page","type-page","status-publish","hentry"],"_links":{"self":[{"href":"https:\/\/vocation-ingenieur-e.fr\/index.php?rest_route=\/wp\/v2\/pages\/152","targetHints":{"allow":["GET"]}}],"collection":[{"href":"https:\/\/vocation-ingenieur-e.fr\/index.php?rest_route=\/wp\/v2\/pages"}],"about":[{"href":"https:\/\/vocation-ingenieur-e.fr\/index.php?rest_route=\/wp\/v2\/types\/page"}],"author":[{"embeddable":true,"href":"https:\/\/vocation-ingenieur-e.fr\/index.php?rest_route=\/wp\/v2\/users\/2"}],"replies":[{"embeddable":true,"href":"https:\/\/vocation-ingenieur-e.fr\/index.php?rest_route=%2Fwp%2Fv2%2Fcomments&post=152"}],"version-history":[{"count":10,"href":"https:\/\/vocation-ingenieur-e.fr\/index.php?rest_route=\/wp\/v2\/pages\/152\/revisions"}],"predecessor-version":[{"id":301,"href":"https:\/\/vocation-ingenieur-e.fr\/index.php?rest_route=\/wp\/v2\/pages\/152\/revisions\/301"}],"wp:attachment":[{"href":"https:\/\/vocation-ingenieur-e.fr\/index.php?rest_route=%2Fwp%2Fv2%2Fmedia&parent=152"}],"curies":[{"name":"wp","href":"https:\/\/api.w.org\/{rel}","templated":true}]}}